{"id":13378,"date":"2018-01-26T15:36:37","date_gmt":"2018-01-26T15:36:37","guid":{"rendered":"https:\/\/kuldkroon.ee\/?post_type=product&#038;p=13378"},"modified":"2018-02-05T14:19:33","modified_gmt":"2018-02-05T14:19:33","slug":"liberte-2","status":"publish","type":"product","link":"https:\/\/www.kuldkroon.ee\/en\/toode\/liberte-2\/","title":{"rendered":"Libert\u00e9"},"content":{"rendered":"","protected":false},"excerpt":{"rendered":"<p>Kollane, valge v\u00f5i roosa kuld prooviga750\/- (v\u00f5imalik ka plaatina 950\/-)<br \/>\nTeemanti kohal kaar plaatinast prooviga 800\/-<br \/>\nbrilajntlihvis keskmine teemant alates 0,20 ct G\/VS1<br \/>\nv\u00f5imalik ka 0,30\/0,40\/0,50\/0,70\/1,00 ct<br \/>\nk\u00f5rval teemantid 2&#215;0,02 ct G\/IF<br \/>\nHind alates 3 670,00 EUR<br \/>\nTarneaeg 4 n\u00e4dalat (k\u00fcsi l\u00fchemat aega!)<\/p>\n","protected":false},"featured_media":13379,"comment_status":"open","ping_status":"closed","template":"","meta":{"_acf_changed":false},"product_brand":[],"product_cat":[1183],"product_tag":[],"class_list":{"0":"post-13378","1":"product","2":"type-product","3":"status-publish","4":"has-post-thumbnail","6":"product_cat-liberte","8":"first","9":"instock","10":"taxable","11":"shipping-taxable","12":"product-type-simple"},"acf":[],"_links":{"self":[{"href":"https:\/\/www.kuldkroon.ee\/en\/wp-json\/wp\/v2\/product\/13378","targetHints":{"allow":["GET"]}}],"collection":[{"href":"https:\/\/www.kuldkroon.ee\/en\/wp-json\/wp\/v2\/product"}],"about":[{"href":"https:\/\/www.kuldkroon.ee\/en\/wp-json\/wp\/v2\/types\/product"}],"replies":[{"embeddable":true,"href":"https:\/\/www.kuldkroon.ee\/en\/wp-json\/wp\/v2\/comments?post=13378"}],"wp:featuredmedia":[{"embeddable":true,"href":"https:\/\/www.kuldkroon.ee\/en\/wp-json\/wp\/v2\/media\/13379"}],"wp:attachment":[{"href":"https:\/\/www.kuldkroon.ee\/en\/wp-json\/wp\/v2\/media?parent=13378"}],"wp:term":[{"taxonomy":"product_brand","embeddable":true,"href":"https:\/\/www.kuldkroon.ee\/en\/wp-json\/wp\/v2\/product_brand?post=13378"},{"taxonomy":"product_cat","embeddable":true,"href":"https:\/\/www.kuldkroon.ee\/en\/wp-json\/wp\/v2\/product_cat?post=13378"},{"taxonomy":"product_tag","embeddable":true,"href":"https:\/\/www.kuldkroon.ee\/en\/wp-json\/wp\/v2\/product_tag?post=13378"}],"curies":[{"name":"wp","href":"https:\/\/api.w.org\/{rel}","templated":true}]}}