{"id":13424,"date":"2018-02-05T14:26:44","date_gmt":"2018-02-05T14:26:44","guid":{"rendered":"https:\/\/kuldkroon.ee\/?post_type=product&#038;p=13424"},"modified":"2018-02-05T14:26:44","modified_gmt":"2018-02-05T14:26:44","slug":"liberte-4","status":"publish","type":"product","link":"https:\/\/kuldkroon.ee\/en\/toode\/liberte-4\/","title":{"rendered":"Libert\u00e9"},"content":{"rendered":"<p>Saksa firma Gebrueder Schaffrath on kahtlemata maailmas unikaalne premuim klassi teemantehete valmistaja.<br \/>\nAastal 1923 asutatud ettev\u00f5tja pakub v\u00e4ga erilise disainiga tippkvaliteediga ehteid, mis loodud k\u00f5ige n\u00f5udlikumale kandjale.<\/p>\n","protected":false},"excerpt":{"rendered":"<p>Kollane, valge v\u00f5i roosa kuld prooviga750\/- (v\u00f5imalik ka plaatina 950\/-)<br \/>\nTeemanti kohal kaar plaatinast prooviga 800\/-<br \/>\nS\u00f5rmus<br \/>\nbrilajntlihvis keskmine teemant\u00a0 0,25 ct G\/VS1<br \/>\nk\u00f5rval teemantid 0,30 ct G\/IF<br \/>\nHind alates 4 400 EUR<br \/>\nKaelaehe<br \/>\n0,14+0,30 ct G\/VS1<br \/>\nHind 4 200,00 EUR<br \/>\nK\u00f5rvar\u00f5ngad<br \/>\nKeskmised kivid kokku 0,50 ct + 0,30 ct G\/VS1<br \/>\nHind 6 190,00 ERU<\/p>\n<p>Tarneaeg 4 n\u00e4dalat (k\u00fcsi l\u00fchemat aega!)<\/p>\n","protected":false},"featured_media":13422,"comment_status":"open","ping_status":"closed","template":"","meta":{"_acf_changed":false},"product_brand":[],"product_cat":[1183],"product_tag":[],"class_list":{"0":"post-13424","1":"product","2":"type-product","3":"status-publish","4":"has-post-thumbnail","6":"product_cat-liberte","8":"first","9":"instock","10":"taxable","11":"shipping-taxable","12":"product-type-simple"},"acf":[],"_links":{"self":[{"href":"https:\/\/kuldkroon.ee\/en\/wp-json\/wp\/v2\/product\/13424","targetHints":{"allow":["GET"]}}],"collection":[{"href":"https:\/\/kuldkroon.ee\/en\/wp-json\/wp\/v2\/product"}],"about":[{"href":"https:\/\/kuldkroon.ee\/en\/wp-json\/wp\/v2\/types\/product"}],"replies":[{"embeddable":true,"href":"https:\/\/kuldkroon.ee\/en\/wp-json\/wp\/v2\/comments?post=13424"}],"wp:featuredmedia":[{"embeddable":true,"href":"https:\/\/kuldkroon.ee\/en\/wp-json\/wp\/v2\/media\/13422"}],"wp:attachment":[{"href":"https:\/\/kuldkroon.ee\/en\/wp-json\/wp\/v2\/media?parent=13424"}],"wp:term":[{"taxonomy":"product_brand","embeddable":true,"href":"https:\/\/kuldkroon.ee\/en\/wp-json\/wp\/v2\/product_brand?post=13424"},{"taxonomy":"product_cat","embeddable":true,"href":"https:\/\/kuldkroon.ee\/en\/wp-json\/wp\/v2\/product_cat?post=13424"},{"taxonomy":"product_tag","embeddable":true,"href":"https:\/\/kuldkroon.ee\/en\/wp-json\/wp\/v2\/product_tag?post=13424"}],"curies":[{"name":"wp","href":"https:\/\/api.w.org\/{rel}","templated":true}]}}