{"id":13529,"date":"2018-02-09T14:31:17","date_gmt":"2018-02-09T14:31:17","guid":{"rendered":"https:\/\/kuldkroon.ee\/?post_type=product&#038;p=13529"},"modified":"2024-07-09T12:53:07","modified_gmt":"2024-07-09T12:53:07","slug":"abielusormused-46","status":"publish","type":"product","link":"https:\/\/www.kuldkroon.ee\/en\/toode\/abielusormused-46\/","title":{"rendered":"Ikaros Superb"},"content":{"rendered":"<p class=\"qtranxs-available-languages-message qtranxs-available-languages-message-en\">Sorry, this entry is only available in <a href=\"https:\/\/www.kuldkroon.ee\/ru\/wp-json\/wp\/v2\/product\/13529\" class=\"qtranxs-available-language-link qtranxs-available-language-link-ru\" title=\"\u0420\u0443\u0441\u0441\u043a\u0438\u0439\">\u0420\u0443\u0441\u0441\u043a\u0438\u0439<\/a>.<\/p>","protected":false},"excerpt":{"rendered":"<p><strong>Ikaros abielus\u00f5rmused<\/strong><\/p>\n<p>Briljantlihvis teemantid 3 x 0,01 karaati G\/Si<br \/>\n(v\u00f5imalik ka tsirkoonidega)<\/p>\n<p>Kollane ja valge kuld prooviga 585\/-<br \/>\n(v\u00f5imalik ka roosa ning \u00fchev\u00e4rviline kuld)<\/p>\n<p>S\u00f5rmuste laius: 6,0 mm (v\u00f5imalik 5,0 \u2013 7,0 mm)<\/p>\n<p>K\u00fcsi sooduspakkumist oma s\u00f5rme suurustele ja laiustele!<\/p>\n<p>Kinkekarp<\/p>\n","protected":false},"featured_media":13530,"comment_status":"open","ping_status":"closed","template":"","meta":{"_acf_changed":false},"product_brand":[],"product_cat":[1160],"product_tag":[],"class_list":{"0":"post-13529","1":"product","2":"type-product","3":"status-publish","4":"has-post-thumbnail","6":"product_cat-ikaros-abielusormused","8":"first","9":"instock","10":"taxable","11":"shipping-taxable","12":"product-type-simple"},"acf":[],"_links":{"self":[{"href":"https:\/\/www.kuldkroon.ee\/en\/wp-json\/wp\/v2\/product\/13529","targetHints":{"allow":["GET"]}}],"collection":[{"href":"https:\/\/www.kuldkroon.ee\/en\/wp-json\/wp\/v2\/product"}],"about":[{"href":"https:\/\/www.kuldkroon.ee\/en\/wp-json\/wp\/v2\/types\/product"}],"replies":[{"embeddable":true,"href":"https:\/\/www.kuldkroon.ee\/en\/wp-json\/wp\/v2\/comments?post=13529"}],"wp:featuredmedia":[{"embeddable":true,"href":"https:\/\/www.kuldkroon.ee\/en\/wp-json\/wp\/v2\/media\/13530"}],"wp:attachment":[{"href":"https:\/\/www.kuldkroon.ee\/en\/wp-json\/wp\/v2\/media?parent=13529"}],"wp:term":[{"taxonomy":"product_brand","embeddable":true,"href":"https:\/\/www.kuldkroon.ee\/en\/wp-json\/wp\/v2\/product_brand?post=13529"},{"taxonomy":"product_cat","embeddable":true,"href":"https:\/\/www.kuldkroon.ee\/en\/wp-json\/wp\/v2\/product_cat?post=13529"},{"taxonomy":"product_tag","embeddable":true,"href":"https:\/\/www.kuldkroon.ee\/en\/wp-json\/wp\/v2\/product_tag?post=13529"}],"curies":[{"name":"wp","href":"https:\/\/api.w.org\/{rel}","templated":true}]}}