{"id":13533,"date":"2018-02-09T14:41:06","date_gmt":"2018-02-09T14:41:06","guid":{"rendered":"https:\/\/kuldkroon.ee\/?post_type=product&#038;p=13533"},"modified":"2024-07-09T12:39:28","modified_gmt":"2024-07-09T12:39:28","slug":"ikaros-basic-38","status":"publish","type":"product","link":"https:\/\/www.kuldkroon.ee\/en\/toode\/ikaros-basic-38\/","title":{"rendered":"Ikaros Basic"},"content":{"rendered":"<p class=\"qtranxs-available-languages-message qtranxs-available-languages-message-en\">Sorry, this entry is only available in <a href=\"https:\/\/www.kuldkroon.ee\/et\/wp-json\/wp\/v2\/product\/13533\" class=\"qtranxs-available-language-link qtranxs-available-language-link-et\" title=\"Eesti\">Eesti<\/a>.<\/p>","protected":false},"excerpt":{"rendered":"<p><strong>Ikaros abielus\u00f5rmused<\/strong><\/p>\n<p>Valge\u00a0 ja kollane kuld prooviga 585\/-<br \/>\n(v\u00f5imalik ka roosa ning \u00fchev\u00e4rviline kuld)<\/p>\n<p>S\u00f5rmuste laius: 6,0 mm (v\u00f5imalik 3,0 \u2013 7,0 mm)<\/p>\n<p>K\u00fcsi sooduspakkumist oma s\u00f5rme suurustele ja laiustele!<\/p>\n<p>Kinkekarp<\/p>\n","protected":false},"featured_media":13535,"comment_status":"open","ping_status":"closed","template":"","meta":{"_acf_changed":false},"product_brand":[],"product_cat":[1160],"product_tag":[],"class_list":{"0":"post-13533","1":"product","2":"type-product","3":"status-publish","4":"has-post-thumbnail","6":"product_cat-ikaros-abielusormused","8":"first","9":"instock","10":"taxable","11":"shipping-taxable","12":"product-type-simple"},"acf":[],"_links":{"self":[{"href":"https:\/\/www.kuldkroon.ee\/en\/wp-json\/wp\/v2\/product\/13533","targetHints":{"allow":["GET"]}}],"collection":[{"href":"https:\/\/www.kuldkroon.ee\/en\/wp-json\/wp\/v2\/product"}],"about":[{"href":"https:\/\/www.kuldkroon.ee\/en\/wp-json\/wp\/v2\/types\/product"}],"replies":[{"embeddable":true,"href":"https:\/\/www.kuldkroon.ee\/en\/wp-json\/wp\/v2\/comments?post=13533"}],"wp:featuredmedia":[{"embeddable":true,"href":"https:\/\/www.kuldkroon.ee\/en\/wp-json\/wp\/v2\/media\/13535"}],"wp:attachment":[{"href":"https:\/\/www.kuldkroon.ee\/en\/wp-json\/wp\/v2\/media?parent=13533"}],"wp:term":[{"taxonomy":"product_brand","embeddable":true,"href":"https:\/\/www.kuldkroon.ee\/en\/wp-json\/wp\/v2\/product_brand?post=13533"},{"taxonomy":"product_cat","embeddable":true,"href":"https:\/\/www.kuldkroon.ee\/en\/wp-json\/wp\/v2\/product_cat?post=13533"},{"taxonomy":"product_tag","embeddable":true,"href":"https:\/\/www.kuldkroon.ee\/en\/wp-json\/wp\/v2\/product_tag?post=13533"}],"curies":[{"name":"wp","href":"https:\/\/api.w.org\/{rel}","templated":true}]}}