{"id":21851,"date":"2020-12-28T12:19:24","date_gmt":"2020-12-28T12:19:24","guid":{"rendered":"https:\/\/kuldkroon.ee\/?post_type=product&#038;p=21851"},"modified":"2020-12-28T13:07:54","modified_gmt":"2020-12-28T13:07:54","slug":"english-diamonds-emeralds","status":"publish","type":"product","link":"https:\/\/www.kuldkroon.ee\/en\/toode\/english-diamonds-emeralds\/","title":{"rendered":"Diamonds &#038; Emeralds"},"content":{"rendered":"<p><strong>FINE JEWELLERY<\/strong>\u00a0\u2013 siin toome esile kvaliteetsed kuldehted meie tarnepartneritelt, juveelimajadest Inglismaalt, Saksamaalt ja Itaaliast. Looduslikud teemantid ja ja muud v\u00e4\u00e4riskivid on hoolikalt valitud ning meisterlik juveliirit\u00f6\u00f6 kannab endas nende valmistajate pikka ja v\u00e4\u00e4rikat ajalugu ning respekti traditsioonilise ehtekunsti vastu.<\/p>","protected":false},"excerpt":{"rendered":"<p>Valge kuld prooviga 750\/- (Rose Gold 18 kt),<\/p>\n<p>32 briljanti (round brilliant diamonds) 0,36 ct, G-si,<br \/>\n2 smaragdi (natural emeralds) 0,83 ct,<\/p>\n<p>Kinkekarp<\/p>\n<p>Tarneaeg ca 7 p\u00e4eva<\/p>\n","protected":false},"featured_media":21852,"comment_status":"open","ping_status":"closed","template":"","meta":{"_acf_changed":false},"product_brand":[],"product_cat":[1198],"product_tag":[],"class_list":{"0":"post-21851","1":"product","2":"type-product","3":"status-publish","4":"has-post-thumbnail","6":"product_cat-raphael-kuldkorvarongad","8":"first","9":"instock","10":"sale","11":"taxable","12":"shipping-taxable","13":"purchasable","14":"product-type-simple"},"acf":[],"_links":{"self":[{"href":"https:\/\/www.kuldkroon.ee\/en\/wp-json\/wp\/v2\/product\/21851","targetHints":{"allow":["GET"]}}],"collection":[{"href":"https:\/\/www.kuldkroon.ee\/en\/wp-json\/wp\/v2\/product"}],"about":[{"href":"https:\/\/www.kuldkroon.ee\/en\/wp-json\/wp\/v2\/types\/product"}],"replies":[{"embeddable":true,"href":"https:\/\/www.kuldkroon.ee\/en\/wp-json\/wp\/v2\/comments?post=21851"}],"wp:featuredmedia":[{"embeddable":true,"href":"https:\/\/www.kuldkroon.ee\/en\/wp-json\/wp\/v2\/media\/21852"}],"wp:attachment":[{"href":"https:\/\/www.kuldkroon.ee\/en\/wp-json\/wp\/v2\/media?parent=21851"}],"wp:term":[{"taxonomy":"product_brand","embeddable":true,"href":"https:\/\/www.kuldkroon.ee\/en\/wp-json\/wp\/v2\/product_brand?post=21851"},{"taxonomy":"product_cat","embeddable":true,"href":"https:\/\/www.kuldkroon.ee\/en\/wp-json\/wp\/v2\/product_cat?post=21851"},{"taxonomy":"product_tag","embeddable":true,"href":"https:\/\/www.kuldkroon.ee\/en\/wp-json\/wp\/v2\/product_tag?post=21851"}],"curies":[{"name":"wp","href":"https:\/\/api.w.org\/{rel}","templated":true}]}}