{"id":14040,"date":"2018-04-06T11:44:32","date_gmt":"2018-04-06T11:44:32","guid":{"rendered":"https:\/\/kuldkroon.ee\/uus\/?page_id=14040"},"modified":"2019-02-28T14:46:25","modified_gmt":"2019-02-28T14:46:25","slug":"m-avaleht","status":"publish","type":"page","link":"https:\/\/www.kuldkroon.ee\/ru\/m-avaleht\/","title":{"rendered":"m-avaleht"},"content":{"rendered":"<div class=\"wpb-content-wrapper\"><p>[vc_row full_width=&#8221;stretch_row_content&#8221;][vc_column][vc_empty_space][vc_column_text]<div class=\"woocommerce columns-4\">\n\n\n<ul id=\"products\" class=\"product-category-list products products-grid small-block-grid-2 medium-block-grid-3 large-block-grid-4 xlarge-block-grid-4 xxlarge-block-grid-4 columns-4 product-layout-grid\">\n<li class=\"category_grid_item\">\n\n\t<div class=\"category_grid_box\">\n\t<span class=\"category_item_bkg\" style=\"background-image:url(https:\/\/kuldkroon.ee\/wp-content\/uploads\/2019\/02\/abielu.jpg)\"><\/span>\n\t<a class=\"category_item\" href=\"https:\/\/www.kuldkroon.ee\/ru\/kategooria\/abielusormused\/\">\n\t\t<span class=\"category_name\">\n\t\t\t<h3>\u041e\u0431\u0440\u0443\u0447\u0430\u043b\u044c\u043d\u044b\u0435 \u043a\u043e\u043b\u044c\u0446\u0430<\/h3>\n\t\t\t<span>966 items<\/span>\n\t\t<\/span>\n\t<\/a>\n\t<\/div>                                           \n<\/li>\n\n<li class=\"category_grid_item\">\n\n\t<div class=\"category_grid_box\">\n\t<span class=\"category_item_bkg\" style=\"background-image:url(https:\/\/kuldkroon.ee\/wp-content\/uploads\/2019\/02\/meeste-ehted.jpg)\"><\/span>\n\t<a class=\"category_item\" href=\"https:\/\/www.kuldkroon.ee\/ru\/kategooria\/aksessuaarid\/\">\n\t\t<span class=\"category_name\">\n\t\t\t<h3>A\u043a\u0441\u0435\u0441\u0441\u0443\u0430\u0440\u044b<\/h3>\n\t\t\t<span>157 items<\/span>\n\t\t<\/span>\n\t<\/a>\n\t<\/div>                                           \n<\/li>\n\n<li class=\"category_grid_item\">\n\n\t<div class=\"category_grid_box\">\n\t<span class=\"category_item_bkg\" style=\"background-image:url(https:\/\/kuldkroon.ee\/wp-content\/uploads\/2019\/05\/aa82776911c0ac03131bf58d1fa27f3d.jpg)\"><\/span>\n\t<a class=\"category_item\" href=\"https:\/\/www.kuldkroon.ee\/ru\/kategooria\/chinelli-pulmakingitused\/\">\n\t\t<span class=\"category_name\">\n\t\t\t<h3>Chinelli - \u0441\u0432\u0430\u0434\u0435\u0431\u043d\u044b\u0435 \u043f\u043e\u0434\u0430\u0440\u043a\u0438<\/h3>\n\t\t\t<span>15 items<\/span>\n\t\t<\/span>\n\t<\/a>\n\t<\/div>                                           \n<\/li>\n\n<li class=\"category_grid_item\">\n\n\t<div class=\"category_grid_box\">\n\t<span class=\"category_item_bkg\" style=\"background-image:url()\"><\/span>\n\t<a class=\"category_item\" href=\"https:\/\/www.kuldkroon.ee\/ru\/kategooria\/eternity-teemantite-rivisormused\/\">\n\t\t<span class=\"category_name\">\n\t\t\t<h3>Eternity - teemantite rivis\u00f5rmused<\/h3>\n\t\t\t<span>51 items<\/span>\n\t\t<\/span>\n\t<\/a>\n\t<\/div>                                           \n<\/li>\n\n<li class=\"category_grid_item\">\n\n\t<div class=\"category_grid_box\">\n\t<span class=\"category_item_bkg\" style=\"background-image:url(https:\/\/kuldkroon.ee\/wp-content\/uploads\/2019\/02\/Juveelid-ja-Ehted.jpg)\"><\/span>\n\t<a class=\"category_item\" href=\"https:\/\/www.kuldkroon.ee\/ru\/kategooria\/luxenter-hobeehted\/\">\n\t\t<span class=\"category_name\">\n\t\t\t<h3>\u044e\u0432\u0435\u043b\u0438\u0440\u043d\u044b\u0435 \u0438\u0437\u0434\u0435\u043b\u0438\u044f, \u0443\u043a\u0440\u0430\u0448\u0435\u043d\u0438\u044f<\/h3>\n\t\t\t<span>618 items<\/span>\n\t\t<\/span>\n\t<\/a>\n\t<\/div>                                           \n<\/li>\n\n<li class=\"category_grid_item\">\n\n\t<div class=\"category_grid_box\">\n\t<span class=\"category_item_bkg\" style=\"background-image:url(https:\/\/kuldkroon.ee\/wp-content\/uploads\/2019\/02\/Kellad.jpg)\"><\/span>\n\t<a class=\"category_item\" href=\"https:\/\/www.kuldkroon.ee\/ru\/kategooria\/kellad\/\">\n\t\t<span class=\"category_name\">\n\t\t\t<h3>\u0427\u0430\u0441\u044b<\/h3>\n\t\t\t<span>259 items<\/span>\n\t\t<\/span>\n\t<\/a>\n\t<\/div>                                           \n<\/li>\n\n<li class=\"category_grid_item\">\n\n\t<div class=\"category_grid_box\">\n\t<span class=\"category_item_bkg\" style=\"background-image:url(https:\/\/kuldkroon.ee\/wp-content\/uploads\/2019\/02\/kihla.jpg)\"><\/span>\n\t<a class=\"category_item\" href=\"https:\/\/www.kuldkroon.ee\/ru\/kategooria\/kihlasormused\/\">\n\t\t<span class=\"category_name\">\n\t\t\t<h3>\u041f\u043e\u043c\u043e\u043b\u0432\u043e\u0447\u043d\u044be \u043a\u043e\u043b\u044c\u0446\u0430<\/h3>\n\t\t\t<span>309 items<\/span>\n\t\t<\/span>\n\t<\/a>\n\t<\/div>                                           \n<\/li>\n\n<li class=\"category_grid_item\">\n\n\t<div class=\"category_grid_box\">\n\t<span class=\"category_item_bkg\" style=\"background-image:url(https:\/\/kuldkroon.ee\/wp-content\/uploads\/2019\/02\/kinkekaart.jpg)\"><\/span>\n\t<a class=\"category_item\" href=\"https:\/\/www.kuldkroon.ee\/ru\/kategooria\/kinkekaardid\/\">\n\t\t<span class=\"category_name\">\n\t\t\t<h3>\u041f\u043e\u0434\u0430\u0440\u043e\u0447\u043d\u044b\u0435 \u043a\u0430\u0440\u0442\u044b<\/h3>\n\t\t\t<span>4 items<\/span>\n\t\t<\/span>\n\t<\/a>\n\t<\/div>                                           \n<\/li>\n\n<li class=\"category_grid_item\">\n\n\t<div class=\"category_grid_box\">\n\t<span class=\"category_item_bkg\" style=\"background-image:url(https:\/\/kuldkroon.ee\/wp-content\/uploads\/2019\/02\/Outlet.jpg)\"><\/span>\n\t<a class=\"category_item\" href=\"https:\/\/www.kuldkroon.ee\/ru\/kategooria\/outlet\/\">\n\t\t<span class=\"category_name\">\n\t\t\t<h3>Outlet<\/h3>\n\t\t\t<span>121 items<\/span>\n\t\t<\/span>\n\t<\/a>\n\t<\/div>                                           \n<\/li>\n<\/ul><\/div>[\/vc_column_text][\/vc_column][\/vc_row][vc_row][vc_column][vc_empty_space height=&#8221;100px&#8221;][vc_column_text]<\/p>\n<p style=\"text-align: center;\"><span style=\"font-size: 34px;\">Uudised<\/span><\/p>\n<p>[\/vc_column_text] \n\n    <script>\n    jQuery(document).ready(function($) {\n\n        \"use strict\";\n\n        var owl = $('#from-the-blog-1892911066');\n        owl.owlCarousel({\n            items:3,\n            \/\/ lazyLoad:true,\n            dots:false,\n            responsiveClass:true,\n            nav:true,\n            navText: [\n                \"\",\n                \"\"\n            ],\n            responsive:{\n                0:{\n                    items:1,\n                    nav:false,\n                },\n                600:{\n                    items:2,\n                    nav:false,\n                },\n                1000:{\n                    items:3,\n                    nav:true,\n                },\n                1200:{\n                    items:3,\n                    nav:true,\n                }\n            }\n        });\n    \n    });\n    <\/script>\n    \n    \n\t<div class=\"row\">\n    <div class=\"from-the-blog-wrapper\">\n\t\t\t\t\t\n        <div id=\"from-the-blog-1892911066\" class=\"owl-carousel\">\n\t\t\t\t\t\n\t\t\t                        \n                            \n                                        \n                    <div class=\"from_the_blog_item standard \">\n                        \n\t\t\t\t\t\t<a class=\"from_the_blog_img_link\" href=\"https:\/\/www.kuldkroon.ee\/ru\/palladis\/\">\n\t\t\t\t\t\t\t\n                                 <div class=\"from_the_blog_content_desc\">\n                                    <h3>PALLADIS<\/h3>\n                                    <div class=\"blog-slider-meta\">\n                                        <span class=\"blog-slider-date\">06 \u043c\u0430\u0440\u0442\u0430 2026<\/span>  \n                                        <span class=\"blog-slider-comments\">No comments yet <\/span>\n\n                                    <\/div>               \n                                <\/div> \n                                \t\t\t\t\t\t\t\n\t\t\t\t\t\t\t                                <span class=\"from_the_blog_overlay\"><\/span>\n\t\t\t\t\t\t\t\t<span class=\"from_the_blog_img\" style=\"background-image: url(https:\/\/kuldkroon.ee\/wp-content\/uploads\/2026\/03\/PALLADIS-BOX-1024x632.jpg );\"><\/span>\n\t\t\t\t\t\t\t\t<span class=\"with_thumb_icon\"><\/span>                               \n\t\t\t\t\t\t\t\n\t\t\t\t\t\t\t\n\t\t\t\t\t\t<\/a>\n                        \n\n                        \n                    <\/div>\n        \n                            \n                                        \n                    <div class=\"from_the_blog_item standard \">\n                        \n\t\t\t\t\t\t<a class=\"from_the_blog_img_link\" href=\"https:\/\/www.kuldkroon.ee\/ru\/labori-teemantid\/\">\n\t\t\t\t\t\t\t\n                                 <div class=\"from_the_blog_content_desc\">\n                                    <h3>\u0412\u044b\u0440\u0430\u0449\u0435\u043d\u043d\u044b\u0435 \u0432 \u043b\u0430\u0431\u043e\u0440\u0430\u0442\u043e\u0440\u0438\u0438 \u0430\u043b\u043c\u0430\u0437\u044b<\/h3>\n                                    <div class=\"blog-slider-meta\">\n                                        <span class=\"blog-slider-date\">02 \u043d\u043e\u044f\u0431\u0440\u044f 2025<\/span>  \n                                        <span class=\"blog-slider-comments\">159 \u043a\u043e\u043c\u043c\u0435\u043d\u0442\u0430\u0440\u0438\u0435\u0432 <\/span>\n\n                                    <\/div>               \n                                <\/div> \n                                \t\t\t\t\t\t\t\n\t\t\t\t\t\t\t                                <span class=\"from_the_blog_overlay\"><\/span>\n\t\t\t\t\t\t\t\t<span class=\"from_the_blog_img\" style=\"background-image: url(https:\/\/kuldkroon.ee\/wp-content\/uploads\/2025\/11\/LG-1.jpg );\"><\/span>\n\t\t\t\t\t\t\t\t<span class=\"with_thumb_icon\"><\/span>                               \n\t\t\t\t\t\t\t\n\t\t\t\t\t\t\t\n\t\t\t\t\t\t<\/a>\n                        \n\n                        \n                    <\/div>\n        \n                            \n                                        \n                    <div class=\"from_the_blog_item standard \">\n                        \n\t\t\t\t\t\t<a class=\"from_the_blog_img_link\" href=\"https:\/\/www.kuldkroon.ee\/ru\/teemantid-sertifikaadiga\/\">\n\t\t\t\t\t\t\t\n                                 <div class=\"from_the_blog_content_desc\">\n                                    <h3>\u0421\u0415\u0420\u0422\u0418\u0424\u0418\u0426\u0418\u0420\u041e\u0412\u0410\u041d\u041d\u042b\u0415 \u0411\u0420\u0418\u041b\u041b\u0418\u0410\u041d\u0422\u042b<\/h3>\n                                    <div class=\"blog-slider-meta\">\n                                        <span class=\"blog-slider-date\">04 \u0444\u0435\u0432\u0440\u0430\u043b\u044f 2022<\/span>  \n                                        <span class=\"blog-slider-comments\">17 \u043a\u043e\u043c\u043c\u0435\u043d\u0442\u0430\u0440\u0438\u0435\u0432 <\/span>\n\n                                    <\/div>               \n                                <\/div> \n                                \t\t\t\t\t\t\t\n\t\t\t\t\t\t\t                                <span class=\"from_the_blog_overlay\"><\/span>\n\t\t\t\t\t\t\t\t<span class=\"from_the_blog_img\" style=\"background-image: url(https:\/\/kuldkroon.ee\/wp-content\/uploads\/2022\/02\/256559219_4569048903160830_5851327436776228831_n.jpg );\"><\/span>\n\t\t\t\t\t\t\t\t<span class=\"with_thumb_icon\"><\/span>                               \n\t\t\t\t\t\t\t\n\t\t\t\t\t\t\t\n\t\t\t\t\t\t<\/a>\n                        \n\n                        \n                    <\/div>\n        \n                            \n                                        \n                    <div class=\"from_the_blog_item aside \">\n                        \n\t\t\t\t\t\t<a class=\"from_the_blog_img_link\" href=\"https:\/\/www.kuldkroon.ee\/ru\/oris\/\">\n\t\t\t\t\t\t\t\n                                 <div class=\"from_the_blog_content_desc\">\n                                    <h3>ORIS<\/h3>\n                                    <div class=\"blog-slider-meta\">\n                                        <span class=\"blog-slider-date\">23 \u0444\u0435\u0432\u0440\u0430\u043b\u044f 2021<\/span>  \n                                        <span class=\"blog-slider-comments\">14 \u043a\u043e\u043c\u043c\u0435\u043d\u0442\u0430\u0440\u0438\u0435\u0432 <\/span>\n\n                                    <\/div>               \n                                <\/div> \n                                \t\t\t\t\t\t\t\n\t\t\t\t\t\t\t                                <span class=\"from_the_blog_overlay\"><\/span>\n\t\t\t\t\t\t\t\t<span class=\"from_the_blog_img\" style=\"background-image: url(https:\/\/kuldkroon.ee\/wp-content\/uploads\/2021\/02\/221-2211638_oris-chronoris-limited-edition-ref-oris-logo-1024x407.png );\"><\/span>\n\t\t\t\t\t\t\t\t<span class=\"with_thumb_icon\"><\/span>                               \n\t\t\t\t\t\t\t\n\t\t\t\t\t\t\t\n\t\t\t\t\t\t<\/a>\n                        \n\n                        \n                    <\/div>\n        \n                            \n                                        \n                    <div class=\"from_the_blog_item standard \">\n                        \n\t\t\t\t\t\t<a class=\"from_the_blog_img_link\" href=\"https:\/\/www.kuldkroon.ee\/ru\/vana-kuld-meile-uus-teile\/\">\n\t\t\t\t\t\t\t\n                                 <div class=\"from_the_blog_content_desc\">\n                                    <h3>(Eesti) Vana kuld meile, uus Teile<\/h3>\n                                    <div class=\"blog-slider-meta\">\n                                        <span class=\"blog-slider-date\">28 \u0438\u044e\u043d\u044f 2019<\/span>  \n                                        <span class=\"blog-slider-comments\">18 \u043a\u043e\u043c\u043c\u0435\u043d\u0442\u0430\u0440\u0438\u0435\u0432 <\/span>\n\n                                    <\/div>               \n                                <\/div> \n                                \t\t\t\t\t\t\t\n\t\t\t\t\t\t\t                                <span class=\"from_the_blog_overlay\"><\/span>\n\t\t\t\t\t\t\t\t<span class=\"from_the_blog_img\" style=\"background-image: url(https:\/\/kuldkroon.ee\/wp-content\/uploads\/2019\/06\/is-my-gold-jewelry-real-1.jpg );\"><\/span>\n\t\t\t\t\t\t\t\t<span class=\"with_thumb_icon\"><\/span>                               \n\t\t\t\t\t\t\t\n\t\t\t\t\t\t\t\n\t\t\t\t\t\t<\/a>\n                        \n\n                        \n                    <\/div>\n        \n                                \n             \n              \n        <\/div>\n\t<\/div>\n    <\/div>\n\t\n\t[vc_empty_space height=&#8221;100px&#8221;][vc_column_text]<\/p>\n<h3 style=\"text-align: center;\">Kuldkroon O\u00dc<\/h3>\n<p style=\"text-align: center;\"><strong>Reg<\/strong>. 10527338<br \/>\n<strong>KMKR nr:<\/strong> EE100534586<br \/>\n<strong>Tel<\/strong>: 6103 950<br \/>\n<strong>E-mail:<\/strong> info@kuldkroon.ee<\/p>\n<div class=\"wpb_text_column wpb_content_element \" style=\"text-align: center;\">\n<div class=\"wpb_wrapper\">\n<p><strong>Esmasp\u00e4evast Reedeni<\/strong>: 10.00-19.00<br \/>\n<strong>Laup\u00e4ev:<\/strong> 11.00-16.00\u00a0<strong><br \/>\nP\u00fchap\u00e4ev<\/strong>:\u00a0Suletud<br \/>\n<strong>Aadress: R\u00e4vala pst 6<\/strong><\/p>\n<\/div>\n<\/div>\n<p>[\/vc_column_text][\/vc_column][\/vc_row][vc_row][vc_column width=&#8221;1\/4&#8243;][\/vc_column][vc_column width=&#8221;1\/2&#8243;][\/vc_column][vc_column width=&#8221;1\/4&#8243;][\/vc_column][\/vc_row]<\/p>\n<\/div>","protected":false},"excerpt":{"rendered":"<p>[vc_row full_width=&#8221;stretch_row_content&#8221;][vc_column][vc_empty_space][vc_column_text][\/vc_column_text][\/vc_column][\/vc_row][vc_row][vc_column][vc_empty_space height=&#8221;100px&#8221;][vc_column_text] Uudised [\/vc_column_text][vc_empty_space height=&#8221;100px&#8221;][vc_column_text] Kuldkroon O\u00dc Reg. 10527338 KMKR nr: EE100534586 Tel: 6103 950 E-mail: info@kuldkroon.ee Esmasp\u00e4evast Reedeni: 10.00-19.00 Laup\u00e4ev: 11.00-16.00\u00a0 P\u00fchap\u00e4ev:\u00a0Suletud Aadress: R\u00e4vala pst 6 [\/vc_column_text][\/vc_column][\/vc_row][vc_row][vc_column width=&#8221;1\/4&#8243;][\/vc_column][vc_column width=&#8221;1\/2&#8243;][\/vc_column][vc_column width=&#8221;1\/4&#8243;][\/vc_column][\/vc_row]<\/p>\n","protected":false},"author":1,"featured_media":0,"parent":0,"menu_order":0,"comment_status":"closed","ping_status":"closed","template":"","meta":{"_acf_changed":false,"footnotes":""},"class_list":["post-14040","page","type-page","status-publish","hentry"],"acf":[],"_links":{"self":[{"href":"https:\/\/www.kuldkroon.ee\/ru\/wp-json\/wp\/v2\/pages\/14040","targetHints":{"allow":["GET"]}}],"collection":[{"href":"https:\/\/www.kuldkroon.ee\/ru\/wp-json\/wp\/v2\/pages"}],"about":[{"href":"https:\/\/www.kuldkroon.ee\/ru\/wp-json\/wp\/v2\/types\/page"}],"author":[{"embeddable":true,"href":"https:\/\/www.kuldkroon.ee\/ru\/wp-json\/wp\/v2\/users\/1"}],"replies":[{"embeddable":true,"href":"https:\/\/www.kuldkroon.ee\/ru\/wp-json\/wp\/v2\/comments?post=14040"}],"version-history":[{"count":0,"href":"https:\/\/www.kuldkroon.ee\/ru\/wp-json\/wp\/v2\/pages\/14040\/revisions"}],"wp:attachment":[{"href":"https:\/\/www.kuldkroon.ee\/ru\/wp-json\/wp\/v2\/media?parent=14040"}],"curies":[{"name":"wp","href":"https:\/\/api.w.org\/{rel}","templated":true}]}}