{"id":13517,"date":"2018-02-09T14:01:46","date_gmt":"2018-02-09T14:01:46","guid":{"rendered":"https:\/\/kuldkroon.ee\/?post_type=product&#038;p=13517"},"modified":"2024-07-09T13:02:39","modified_gmt":"2024-07-09T13:02:39","slug":"ikaros-superb-17","status":"publish","type":"product","link":"https:\/\/www.kuldkroon.ee\/ru\/toode\/ikaros-superb-17\/","title":{"rendered":"Ikaros Superb"},"content":{"rendered":"<p class=\"qtranxs-available-languages-message qtranxs-available-languages-message-ru\">\u0418\u0437\u0432\u0438\u043d\u0438\u0442\u0435, \u044d\u0442\u043e\u0442 \u0442\u0435\u043a\u0441\u0442 \u0434\u043e\u0441\u0442\u0443\u043f\u0435\u043d \u0442\u043e\u043b\u044c\u043a\u043e \u043d\u0430 &ldquo;<a href=\"https:\/\/www.kuldkroon.ee\/et\/wp-json\/wp\/v2\/product\/13517\" class=\"qtranxs-available-language-link qtranxs-available-language-link-et\" title=\"Eesti\">Eesti<\/a>&rdquo;.<\/p>","protected":false},"excerpt":{"rendered":"<p><strong>Ikaros abielus\u00f5rmused<\/strong><\/p>\n<p>Briljantlihvis teemantid 31 x 0,02 karaati G\/Si<br \/>\n(v\u00f5imalik ka tsirkoonidega)<\/p>\n<p>Roosa ja valge kuld prooviga 585\/-<br \/>\n(v\u00f5imalik ka valge ja kollane ning \u00fchev\u00e4rviline kuld)<\/p>\n<p>S\u00f5rmuste laius: 5,0 mm (v\u00f5imalik 4,0 \u2013 7,0 mm)<\/p>\n<p>K\u00fcsi pakkumist oma s\u00f5rme suurustele!<\/p>\n<p>Kinkekarp<\/p>\n","protected":false},"featured_media":13518,"comment_status":"open","ping_status":"closed","template":"","meta":{"_acf_changed":false},"product_brand":[],"product_cat":[1155,1160],"product_tag":[],"class_list":{"0":"post-13517","1":"product","2":"type-product","3":"status-publish","4":"has-post-thumbnail","6":"product_cat-abielusormused","7":"product_cat-ikaros-abielusormused","9":"first","10":"instock","11":"taxable","12":"shipping-taxable","13":"product-type-simple"},"acf":[],"_links":{"self":[{"href":"https:\/\/www.kuldkroon.ee\/ru\/wp-json\/wp\/v2\/product\/13517","targetHints":{"allow":["GET"]}}],"collection":[{"href":"https:\/\/www.kuldkroon.ee\/ru\/wp-json\/wp\/v2\/product"}],"about":[{"href":"https:\/\/www.kuldkroon.ee\/ru\/wp-json\/wp\/v2\/types\/product"}],"replies":[{"embeddable":true,"href":"https:\/\/www.kuldkroon.ee\/ru\/wp-json\/wp\/v2\/comments?post=13517"}],"wp:featuredmedia":[{"embeddable":true,"href":"https:\/\/www.kuldkroon.ee\/ru\/wp-json\/wp\/v2\/media\/13518"}],"wp:attachment":[{"href":"https:\/\/www.kuldkroon.ee\/ru\/wp-json\/wp\/v2\/media?parent=13517"}],"wp:term":[{"taxonomy":"product_brand","embeddable":true,"href":"https:\/\/www.kuldkroon.ee\/ru\/wp-json\/wp\/v2\/product_brand?post=13517"},{"taxonomy":"product_cat","embeddable":true,"href":"https:\/\/www.kuldkroon.ee\/ru\/wp-json\/wp\/v2\/product_cat?post=13517"},{"taxonomy":"product_tag","embeddable":true,"href":"https:\/\/www.kuldkroon.ee\/ru\/wp-json\/wp\/v2\/product_tag?post=13517"}],"curies":[{"name":"wp","href":"https:\/\/api.w.org\/{rel}","templated":true}]}}